{"id":822,"date":"2019-09-17T10:59:18","date_gmt":"2019-09-17T08:59:18","guid":{"rendered":"http:\/\/www.hosting.anderssonconsult.dk\/model-stiven\/?page_id=822"},"modified":"2019-12-04T09:59:42","modified_gmt":"2019-12-04T08:59:42","slug":"gearvr","status":"publish","type":"page","link":"https:\/\/www.modelhuset.dk\/en\/virtualreality\/gearvr\/","title":{"rendered":"Gear VR | VR | Web VR | Virtual Reality | HTC Vive | VR"},"content":{"rendered":"<p><div class=\"fusion-fullwidth fullwidth-box fusion-builder-row-1 hundred-percent-fullwidth non-hundred-percent-height-scrolling\" style=\"background-color: #005267;background-position: center center;background-repeat: no-repeat;padding-top:0px;padding-right:0px;padding-bottom:0px;padding-left:0px;margin-bottom: 0px;margin-top: 0px;border-width: 0px 0px 0px 0px;border-color:#eae9e9;border-style:solid;\" ><div class=\"fusion-builder-row fusion-row\"><div class=\"fusion-layout-column fusion_builder_column fusion-builder-column-0 fusion_builder_column_1_1 1_1 fusion-one-full fusion-column-first fusion-column-last\" style=\"margin-top:0px;margin-bottom:0px;\"><div class=\"fusion-column-wrapper fusion-flex-column-wrapper-legacy\" style=\"background-position:left top;background-repeat:no-repeat;-webkit-background-size:cover;-moz-background-size:cover;-o-background-size:cover;background-size:cover;background-color:#005267;padding: 40px 23px 5px 23px;\"><div class=\"fusion-column-content-centered\"><div class=\"fusion-column-content\"><style type=\"text\/css\"><\/style><div class=\"fusion-title title fusion-title-1 fusion-sep-none fusion-title-center fusion-title-text fusion-title-size-one\" style=\"margin-top:0px;margin-right:0px;margin-bottom:31px;margin-left:0px;\"><h1 class=\"title-heading-center fusion-responsive-typography-calculated\" style=\"margin:0;--fontSize:50;line-height:1.4;\">Virtual Reality<\/h1><\/div><\/div><\/div><div class=\"fusion-clearfix\"><\/div><\/div><\/div><\/div><\/div><div class=\"fusion-fullwidth fullwidth-box fusion-builder-row-2 hundred-percent-fullwidth non-hundred-percent-height-scrolling\" style=\"background-color: #7aaec6;background-position: center center;background-repeat: no-repeat;padding-top:0px;padding-right:0px;padding-bottom:0px;padding-left:0px;border-width: 0px 0px 0px 0px;border-color:#eae9e9;border-style:solid;\" ><div class=\"fusion-builder-row fusion-row\"><div class=\"fusion-layout-column fusion_builder_column fusion-builder-column-1 fusion_builder_column_1_1 1_1 fusion-one-full fusion-column-first fusion-column-last\" style=\"margin-top:0px;margin-bottom:0px;\"><div class=\"fusion-column-wrapper fusion-flex-column-wrapper-legacy\" style=\"background-position:left top;background-repeat:no-repeat;-webkit-background-size:cover;-moz-background-size:cover;-o-background-size:cover;background-size:cover;padding: 0px 0px 0px 0px;\"><div class=\"fusion-column-content-centered\"><div class=\"fusion-column-content\"><style type='text\/css'>.reading-box-container-1 .element-bottomshadow:before,.reading-box-container-1 .element-bottomshadow:after{opacity:0.40;}<\/style><div class=\"fusion-reading-box-container reading-box-container-1\" style=\"margin-top:0px;margin-bottom:0px;\"><div class=\"reading-box reading-box-center element-bottomshadow\" style=\"background-color:#7aaec6;border-width:0px;border-color:#f6f6f6;border-style:solid;\"><h2>Gear VR<\/h2><div class=\"reading-box-description fusion-reading-box-additional\">Gear VR er en l\u00f8sning til Samsung telefoner, hvor Samsungs Gear VR briller skal benyttes for at f\u00e5 VR til at k\u00f8re.<\/div><div class=\"fusion-clearfix\"><\/div><\/div><\/div><\/div><\/div><div class=\"fusion-clearfix\"><\/div><\/div><\/div><\/div><\/div><div class=\"fusion-fullwidth fullwidth-box fusion-builder-row-3 virtual-reality-section nonhundred-percent-fullwidth non-hundred-percent-height-scrolling\" style=\"background-color: #ffffff;background-position: center center;background-repeat: no-repeat;padding-top:0px;padding-right:0px;padding-bottom:0px;padding-left:0px;margin-bottom: 40px;margin-top: 40px;border-width: 0px 0px 0px 0px;border-color:#eae9e9;border-style:solid;\" ><div class=\"fusion-builder-row fusion-row\"><div class=\"fusion-layout-column fusion_builder_column fusion-builder-column-2 fusion_builder_column_2_3 2_3 fusion-two-third fusion-column-first\" style=\"width:66.666666666667%;width:calc(66.666666666667% - ( ( 50px ) * 0.66666666666667 ) );margin-right: 50px;margin-top:0px;margin-bottom:85px;\"><div class=\"fusion-column-wrapper fusion-flex-column-wrapper-legacy\" style=\"background-position:left top;background-repeat:no-repeat;-webkit-background-size:cover;-moz-background-size:cover;-o-background-size:cover;background-size:cover;padding: 0px 30px 0px 0px;\"><div class=\"fusion-column-content-centered\"><div class=\"fusion-column-content\"><div class=\"fusion-text fusion-text-1\"><h4>Oculus currently has 3 solutions for VR, which is Gear VR, Oculus Rift and Oculus Go which will be launched in 2018. Gear VR is stepped up from an iOS or Android solution and provides a really good VR experience.<\/h4>\n<p>You can download our Gear VR demo by searching Modelhuset after downloading the Oculus app in Google Play.<\/p>\n<\/div><\/div><\/div><div class=\"fusion-clearfix\"><\/div><\/div><\/div><div class=\"fusion-layout-column fusion_builder_column fusion-builder-column-3 fusion_builder_column_1_3 1_3 fusion-one-third fusion-column-last\" style=\"width:33.333333333333%;width:calc(33.333333333333% - ( ( 50px ) * 0.33333333333333 ) );margin-top:0px;margin-bottom:20px;\"><div class=\"fusion-column-wrapper fusion-flex-column-wrapper-legacy\" style=\"background-position:left top;background-repeat:no-repeat;-webkit-background-size:cover;-moz-background-size:cover;-o-background-size:cover;background-size:cover;background-color:#ffffff;border-left:1px solid #7aaec6;padding: 0px 0px 0px 30px;\"><div class=\"fusion-column-content-centered\"><div class=\"fusion-column-content\"><div class=\"fusion-widget-area fusion-widget-area-1 fusion-content-widget-area\"><style type=\"text\/css\">.fusion-widget-area-1 {padding:0px 0px 0px 0px;}.fusion-widget-area-1 .widget h4 {color:#005267;}.fusion-widget-area-1 .widget .heading h4 {color:#005267;}.fusion-widget-area-1 .widget h4 {font-size:20px;}.fusion-widget-area-1 .widget .heading h4 {font-size:20px;}<\/style><div id=\"nav_menu-2\" class=\"widget widget_nav_menu\" style=\"padding: 10px;background-color: #ffffff;\"><div class=\"heading\"><h4 class=\"widget-title\">Our possibilities within VR:<\/h4><\/div><div class=\"menu-vr-menu-container\"><ul id=\"menu-vr-menu\" class=\"menu\"><li id=\"menu-item-1264\" class=\"menu-item menu-item-type-post_type menu-item-object-page menu-item-1264\"><a title=\"Video VR\" href=\"https:\/\/www.modelhuset.dk\/en\/virtualreality\/video-vr-virtual-reality-vr-loesninger-modelhuset-video\/\">Video VR<\/a><\/li>\n<li id=\"menu-item-795\" class=\"menu-item menu-item-type-post_type menu-item-object-page menu-item-795\"><a title=\"Web VR\" href=\"https:\/\/www.modelhuset.dk\/en\/virtualreality\/webvr\/\">Web VR<\/a><\/li>\n<li id=\"menu-item-810\" class=\"menu-item menu-item-type-post_type menu-item-object-page menu-item-810\"><a title=\"iOS \/ Android\" href=\"https:\/\/www.modelhuset.dk\/en\/virtualreality\/iosandroidvr\/\">iOS \/ Android<\/a><\/li>\n<li id=\"menu-item-829\" class=\"menu-item menu-item-type-post_type menu-item-object-page menu-item-829\"><a title=\"Gear VR\" href=\"https:\/\/www.modelhuset.dk\/en\/virtualreality\/gearvr\/\">Gear VR<\/a><\/li>\n<li id=\"menu-item-841\" class=\"menu-item menu-item-type-post_type menu-item-object-page menu-item-841\"><a title=\"HTC Vive\" href=\"https:\/\/www.modelhuset.dk\/en\/virtualreality\/htcvive\/\">HTC Vive<\/a><\/li>\n<li id=\"menu-item-869\" class=\"menu-item menu-item-type-post_type menu-item-object-page menu-item-869\"><a title=\"Augmented Reality\" href=\"https:\/\/www.modelhuset.dk\/en\/virtualreality\/augmentedreality\/\">Augmented Reality<\/a><\/li>\n<\/ul><\/div><\/div><div class=\"fusion-additional-widget-content\"><\/div><\/div><\/div><\/div><div class=\"fusion-clearfix\"><\/div><\/div><\/div><div class=\"fusion-layout-column fusion_builder_column fusion-builder-column-4 fusion_builder_column_2_3 2_3 fusion-two-third fusion-column-first\" style=\"width:65.3333%; margin-right: 50px;margin-top:0px;margin-bottom:20px;\"><div class=\"fusion-column-wrapper fusion-flex-column-wrapper-legacy\" style=\"background-position:left top;background-repeat:no-repeat;-webkit-background-size:cover;-moz-background-size:cover;-o-background-size:cover;background-size:cover;border:1px solid #7aaec6;padding: 15px 15px 15px 15px;\"><div class=\"fusion-video fusion-youtube fusion-aligncenter\" style=\"max-width:600px;max-height:360px; width:100%\"><div class=\"video-shortcode\"><iframe title=\"YouTube video player 1\" src=\"https:\/\/www.youtube.com\/embed\/FDfNOg7S09Q?wmode=transparent&autoplay=0&amp;rel=0\" width=\"600\" height=\"360\" allowfullscreen allow=\"autoplay; fullscreen\"><\/iframe><\/div><\/div><div class=\"fusion-clearfix\"><\/div><\/div><\/div><div class=\"fusion-layout-column fusion_builder_column fusion-builder-column-5 fusion_builder_column_2_3 2_3 fusion-two-third fusion-column-last\" style=\"margin-top:0px;margin-bottom:20px;\"><div class=\"fusion-column-wrapper fusion-flex-column-wrapper-legacy\" style=\"background-position:left top;background-repeat:no-repeat;-webkit-background-size:cover;-moz-background-size:cover;-o-background-size:cover;background-size:cover;padding: 15px 15px 15px 15px;\"><div class=\"fusion-text fusion-text-2\"><p>It is possible to make a good solution for changing surfaces inside the app and there may be several projects under the same app. Definitely a good user experience.<\/p>\n<p>Oculus is owned by Facebook. Mark Zuckerberg (founder of Facebook), has announced that with the launch of Oculus Go, the goal is to have over 1 billion VR users. As a company, we must probably acknowledge that sooner or later we must relate to VR.<\/p>\n<p>Modelhuset can give you sparring around, the different solutions.<\/p>\n<\/div><div class=\"fusion-clearfix\"><\/div><\/div><\/div><div class=\"fusion-layout-column fusion_builder_column fusion-builder-column-6 fusion_builder_column_2_3 2_3 fusion-two-third fusion-column-first\" style=\"width:66.666666666667%;width:calc(66.666666666667% - ( ( 50px ) * 0.66666666666667 ) );margin-right: 50px;margin-top:0px;margin-bottom:20px;\"><div class=\"fusion-column-wrapper fusion-flex-column-wrapper-legacy\" style=\"background-position:left top;background-repeat:no-repeat;-webkit-background-size:cover;-moz-background-size:cover;-o-background-size:cover;background-size:cover;border:1px solid #7aaec6;padding: 15px 15px 15px 15px;\"><div class=\"imageframe-align-center\"><span class=\"fusion-imageframe imageframe-none imageframe-1 hover-type-none\"><a class=\"fusion-no-lightbox\" href=\"https:\/\/play.google.com\/store\/apps\/details?id=com.asa.modelhusetvrapp\" target=\"_self\" aria-label=\"Gear-VR- Oculus-modelhuset-virtual-reality\"><img width=\"560\" height=\"315\" alt=\"Gear VR\" src=\"http:\/\/www.modelhuset.dk\/model-stiven\/wp-content\/uploads\/2019\/09\/Gear-VR-Oculus-modelhuset-virtual-reality.png\" class=\"img-responsive wp-image-825\" srcset=\"https:\/\/www.modelhuset.dk\/wp-content\/uploads\/2019\/09\/Gear-VR-Oculus-modelhuset-virtual-reality-200x113.png 200w, https:\/\/www.modelhuset.dk\/wp-content\/uploads\/2019\/09\/Gear-VR-Oculus-modelhuset-virtual-reality-400x225.png 400w, https:\/\/www.modelhuset.dk\/wp-content\/uploads\/2019\/09\/Gear-VR-Oculus-modelhuset-virtual-reality.png 560w\" sizes=\"(max-width: 800px) 100vw, 560px\" \/><\/a><\/span><\/div><div class=\"fusion-text fusion-text-3\"><p>&nbsp;&nbsp;<\/p>\n<p style=\"text-align: center;\">You will find Modelhuset's Gear VR demo in the Oculus app<\/p>\n<\/div><div class=\"fusion-clearfix\"><\/div><\/div><\/div><\/div><\/div><div class=\"fusion-fullwidth fullwidth-box fusion-builder-row-4 nonhundred-percent-fullwidth non-hundred-percent-height-scrolling\" style=\"background-color: #ffffff;background-position: center center;background-repeat: no-repeat;padding-top:0px;padding-right:0px;padding-bottom:0px;padding-left:0px;border-width: 0px 0px 0px 0px;border-color:#eae9e9;border-style:solid;\" ><div class=\"fusion-builder-row fusion-row\"><\/div><\/div><div class=\"fusion-fullwidth fullwidth-box fusion-builder-row-5 hundred-percent-fullwidth non-hundred-percent-height-scrolling\" style=\"background-color: #ffffff;background-position: center center;background-repeat: no-repeat;padding-top:0px;padding-right:0px;padding-bottom:0px;padding-left:0px;margin-top: 40px;border-width: 0px 0px 0px 0px;border-color:#eae9e9;border-style:solid;\" ><div class=\"fusion-builder-row fusion-row\"><div class=\"fusion-layout-column fusion_builder_column fusion-builder-column-7 fusion_builder_column_1_1 1_1 fusion-one-full fusion-column-first fusion-column-last\" style=\"margin-top:0px;margin-bottom:0px;\"><div class=\"fusion-column-wrapper fusion-flex-column-wrapper-legacy\" style=\"background-position:left top;background-repeat:no-repeat;-webkit-background-size:cover;-moz-background-size:cover;-o-background-size:cover;background-size:cover;padding: 0px 0px 0px 0px;\"><div class=\"imageframe-align-center\"><span class=\"fusion-imageframe imageframe-none imageframe-2 hover-type-none\" style=\"max-width:400px;\"><img width=\"1024\" height=\"324\" alt=\"Modelhuset\" title=\"Modelhuset\" src=\"https:\/\/www.modelhuset.dk\/wp-content\/uploads\/2019\/09\/logo_footer-1024x324.png\" class=\"img-responsive wp-image-272\" srcset=\"https:\/\/www.modelhuset.dk\/wp-content\/uploads\/2019\/09\/logo_footer-200x63.png 200w, https:\/\/www.modelhuset.dk\/wp-content\/uploads\/2019\/09\/logo_footer-400x127.png 400w, https:\/\/www.modelhuset.dk\/wp-content\/uploads\/2019\/09\/logo_footer-600x190.png 600w, https:\/\/www.modelhuset.dk\/wp-content\/uploads\/2019\/09\/logo_footer-800x253.png 800w, https:\/\/www.modelhuset.dk\/wp-content\/uploads\/2019\/09\/logo_footer-1200x380.png 1200w, https:\/\/www.modelhuset.dk\/wp-content\/uploads\/2019\/09\/logo_footer.png 1524w\" sizes=\"(max-width: 800px) 100vw, 1200px\" \/><\/span><\/div><div class=\"fusion-clearfix\"><\/div><\/div><\/div><\/div><\/div><\/p>","protected":false},"excerpt":{"rendered":"","protected":false},"author":2,"featured_media":0,"parent":255,"menu_order":0,"comment_status":"closed","ping_status":"closed","template":"100-width.php","meta":{"ngg_post_thumbnail":0},"_links":{"self":[{"href":"https:\/\/www.modelhuset.dk\/en\/wp-json\/wp\/v2\/pages\/822"}],"collection":[{"href":"https:\/\/www.modelhuset.dk\/en\/wp-json\/wp\/v2\/pages"}],"about":[{"href":"https:\/\/www.modelhuset.dk\/en\/wp-json\/wp\/v2\/types\/page"}],"author":[{"embeddable":true,"href":"https:\/\/www.modelhuset.dk\/en\/wp-json\/wp\/v2\/users\/2"}],"replies":[{"embeddable":true,"href":"https:\/\/www.modelhuset.dk\/en\/wp-json\/wp\/v2\/comments?post=822"}],"version-history":[{"count":12,"href":"https:\/\/www.modelhuset.dk\/en\/wp-json\/wp\/v2\/pages\/822\/revisions"}],"predecessor-version":[{"id":1555,"href":"https:\/\/www.modelhuset.dk\/en\/wp-json\/wp\/v2\/pages\/822\/revisions\/1555"}],"up":[{"embeddable":true,"href":"https:\/\/www.modelhuset.dk\/en\/wp-json\/wp\/v2\/pages\/255"}],"wp:attachment":[{"href":"https:\/\/www.modelhuset.dk\/en\/wp-json\/wp\/v2\/media?parent=822"}],"curies":[{"name":"wp","href":"https:\/\/api.w.org\/{rel}","templated":true}]}}