{"id":936,"date":"2019-09-19T10:50:09","date_gmt":"2019-09-19T08:50:09","guid":{"rendered":"http:\/\/www.hosting.anderssonconsult.dk\/model-stiven\/?page_id=936"},"modified":"2021-08-18T20:02:11","modified_gmt":"2021-08-18T18:02:11","slug":"3dscanningcase","status":"publish","type":"page","link":"https:\/\/www.modelhuset.dk\/en\/cases\/3dscanningcase\/","title":{"rendered":"3D laserscanning | Cases | Modelhuset | 3D Model | Arkitektmodeller"},"content":{"rendered":"<p><div class=\"fusion-fullwidth fullwidth-box fusion-builder-row-1 nonhundred-percent-fullwidth non-hundred-percent-height-scrolling\" style=\"background-color: #005267;background-position: center center;background-repeat: no-repeat;padding-top:0px;padding-right:0px;padding-bottom:0px;padding-left:0px;margin-bottom: 0px;margin-top: 0px;border-width: 0px 0px 0px 0px;border-color:#eae9e9;border-style:solid;\" ><div class=\"fusion-builder-row fusion-row\"><div class=\"fusion-layout-column fusion_builder_column fusion-builder-column-0 fusion_builder_column_1_1 1_1 fusion-one-full fusion-column-first fusion-column-last\" style=\"margin-top:0px;margin-bottom:0px;\"><div class=\"fusion-column-wrapper fusion-flex-column-wrapper-legacy\" style=\"background-position:left top;background-repeat:no-repeat;-webkit-background-size:cover;-moz-background-size:cover;-o-background-size:cover;background-size:cover;background-color:#005267;padding: 40px 23px 5px 23px;\"><div class=\"fusion-column-content-centered\"><div class=\"fusion-column-content\"><style type=\"text\/css\"><\/style><div class=\"fusion-title title fusion-title-1 fusion-sep-none fusion-title-center fusion-title-text fusion-title-size-one\" style=\"margin-top:0px;margin-right:0px;margin-bottom:31px;margin-left:0px;\"><h1 class=\"title-heading-center fusion-responsive-typography-calculated\" style=\"margin:0;--fontSize:50;line-height:1.4;\"><p style=\"text-align: center;\">Case<\/p><\/h1><\/div><\/div><\/div><div class=\"fusion-clearfix\"><\/div><\/div><\/div><\/div><\/div><div class=\"fusion-fullwidth fullwidth-box fusion-builder-row-2 hundred-percent-fullwidth non-hundred-percent-height-scrolling\" style=\"background-color: #a06b4c;background-position: center center;background-repeat: no-repeat;padding-top:0px;padding-right:0px;padding-bottom:0px;padding-left:0px;border-width: 0px 0px 0px 0px;border-color:#eae9e9;border-style:solid;\" ><div class=\"fusion-builder-row fusion-row\"><div class=\"fusion-layout-column fusion_builder_column fusion-builder-column-1 fusion_builder_column_1_1 1_1 fusion-one-full fusion-column-first fusion-column-last\" style=\"margin-top:0px;margin-bottom:0px;\"><div class=\"fusion-column-wrapper fusion-flex-column-wrapper-legacy\" style=\"background-position:left top;background-repeat:no-repeat;-webkit-background-size:cover;-moz-background-size:cover;-o-background-size:cover;background-size:cover;background-color:#a06b4c;padding: 0px 0px 0px 0px;\"><div class=\"fusion-column-content-centered\"><div class=\"fusion-column-content\"><style type='text\/css'>.reading-box-container-1 .element-bottomshadow:before,.reading-box-container-1 .element-bottomshadow:after{opacity:0.40;}<\/style><div class=\"fusion-reading-box-container reading-box-container-1\" style=\"margin-top:0px;margin-bottom:0px;\"><div class=\"reading-box reading-box-center element-bottomshadow\" style=\"background-color:#7aaec6;border-width:0px;border-color:#f6f6f6;border-style:solid;\"><h2>3D Laser scan for F\u00e6rch & Co.<\/h2><div class=\"reading-box-description fusion-reading-box-additional\">122 3D laser scans of the building inside and out were made to have the entire building drawn up in Revit. <\/div><div class=\"fusion-clearfix\"><\/div><\/div><\/div><\/div><\/div><div class=\"fusion-clearfix\"><\/div><\/div><\/div><\/div><\/div><div class=\"fusion-fullwidth fullwidth-box fusion-builder-row-3 no-borders-mobile nonhundred-percent-fullwidth non-hundred-percent-height-scrolling fusion-equal-height-columns\" style=\"background-color: #ffffff;background-position: center center;background-repeat: no-repeat;padding-top:40px;padding-right:0px;padding-bottom:20px;padding-left:0px;border-width: 0px 0px 0px 0px;border-color:#eae9e9;border-style:solid;\" ><div class=\"fusion-builder-row fusion-row\"><div class=\"fusion-layout-column fusion_builder_column fusion-builder-column-2 fusion_builder_column_1_3 1_3 fusion-one-third fusion-column-first\" style=\"width:33.333333333333%;width:calc(33.333333333333% - ( ( 0 + 0 ) * 0.33333333333333 ) );margin-right: 0px;margin-top:0px;margin-bottom:20px;\"><div class=\"fusion-column-wrapper fusion-flex-column-wrapper-legacy\" style=\"background-position:left top;background-repeat:no-repeat;-webkit-background-size:cover;-moz-background-size:cover;-o-background-size:cover;background-size:cover;border-width: 0 1px 0 0;border-color:#7aaec6;border-style:solid;padding: 0px 30px 0px 0px;\"><div class=\"fusion-text fusion-text-1\"><p>Project carried out for F\u00e6rch & Co. in Aalborg, where Bj\u00f8rk & Maig\u00e5rd have been the architects. The hotel is facing a converted and extended building, which is why there was a need for a drawing basis for approval of the project by the municipality. Existing drawings are, as with many other projects, hand drawings made back in 1992. Since 1992, many changes have been made to the building, so they could no longer be used as a drawing basis.<\/p>\n<p>Modelhuset's task was to scan the entire building and deliver a 3D RVT file to Bj\u00f8rk & Maig\u00e5rd, which could thus be used to document existing conditions, as well as used to draw on.<\/p>\n<\/div><div class=\"fusion-clearfix\"><\/div><\/div><\/div><div class=\"fusion-layout-column fusion_builder_column fusion-builder-column-3 fusion_builder_column_1_3 1_3 fusion-one-third\" style=\"width:33.333333333333%;width:calc(33.333333333333% - ( ( 0 + 0 ) * 0.33333333333333 ) );margin-right: 0px;margin-top:0px;margin-bottom:20px;\"><div class=\"fusion-column-wrapper fusion-flex-column-wrapper-legacy\" style=\"background-position:left top;background-repeat:no-repeat;-webkit-background-size:cover;-moz-background-size:cover;-o-background-size:cover;background-size:cover;border-width: 0 0 0 0;border-color:#7aaec6;border-style:solid;padding: 0px 30px 0px 30px;\"><div class=\"imageframe-align-center\"><span class=\"fusion-imageframe imageframe-none imageframe-1 hover-type-none\"><img width=\"600\" height=\"228\" alt=\"Faerch Laserscanning\" title=\"faerch-3D-laserscanning-BIM\" src=\"https:\/\/www.modelhuset.dk\/wp-content\/uploads\/2019\/09\/faerch-3D-laserscanning-BIM.png\" class=\"img-responsive wp-image-785\" srcset=\"https:\/\/www.modelhuset.dk\/wp-content\/uploads\/2019\/09\/faerch-3D-laserscanning-BIM-200x76.png 200w, https:\/\/www.modelhuset.dk\/wp-content\/uploads\/2019\/09\/faerch-3D-laserscanning-BIM-400x152.png 400w, https:\/\/www.modelhuset.dk\/wp-content\/uploads\/2019\/09\/faerch-3D-laserscanning-BIM.png 600w\" sizes=\"(max-width: 800px) 100vw, 400px\" \/><\/span><\/div><div class=\"fusion-clearfix\"><\/div><\/div><\/div><div class=\"fusion-layout-column fusion_builder_column fusion-builder-column-4 fusion_builder_column_1_3 1_3 fusion-one-third fusion-column-last\" style=\"width:33.333333333333%;width:calc(33.333333333333% - ( ( 0 + 0 ) * 0.33333333333333 ) );margin-top:0px;margin-bottom:20px;\"><div class=\"fusion-column-wrapper fusion-flex-column-wrapper-legacy\" style=\"background-position:left top;background-repeat:no-repeat;-webkit-background-size:cover;-moz-background-size:cover;-o-background-size:cover;background-size:cover;border-width: 0 0 0 1px;border-color:#7aaec6;border-style:solid;padding: 0px 0px 0px 30px;\"><div class=\"fusion-text fusion-text-2\"><p>122 3D laser scans of the building inside and out were made to have the entire building drawn up in Revit. For this project, we delivered a finished 3D file to the architect approx. 10 working days after we started the project.&nbsp;<\/p>\n<p>One of the great advantages of 3D laser scanning is that it is thus possible to have wall and floor thicknesses verified, which was an important parameter on this project due to the many conversions. In addition, it is possible at a later date to access the point cloud to take more measurements and see 360 degree views of the entire building in the design studio.&nbsp;<\/p>\n<\/div><div class=\"fusion-clearfix\"><\/div><\/div><\/div><\/div><\/div><div class=\"fusion-fullwidth fullwidth-box fusion-builder-row-4 hundred-percent-fullwidth non-hundred-percent-height-scrolling\" style=\"background-color: #a06b4c;background-position: center center;background-repeat: no-repeat;padding-top:0px;padding-right:0px;padding-bottom:0px;padding-left:0px;border-width: 0px 0px 0px 0px;border-color:#eae9e9;border-style:solid;\" ><div class=\"fusion-builder-row fusion-row\"><div class=\"fusion-layout-column fusion_builder_column fusion-builder-column-5 fusion_builder_column_1_1 1_1 fusion-one-full fusion-column-first fusion-column-last\" style=\"margin-top:0px;margin-bottom:0px;\"><div class=\"fusion-column-wrapper fusion-flex-column-wrapper-legacy\" style=\"background-position:left top;background-repeat:no-repeat;-webkit-background-size:cover;-moz-background-size:cover;-o-background-size:cover;background-size:cover;background-color:#a06b4c;padding: 0px 0px 0px 0px;\"><div class=\"fusion-column-content-centered\"><div class=\"fusion-column-content\"><style type='text\/css'>.reading-box-container-2 .element-bottomshadow:before,.reading-box-container-2 .element-bottomshadow:after{opacity:0.40;}<\/style><div class=\"fusion-reading-box-container reading-box-container-2\" style=\"margin-top:0px;margin-bottom:0px;\"><div class=\"reading-box reading-box-center element-bottomshadow\" style=\"background-color:#7aaec6;border-width:0px;border-color:#f6f6f6;border-style:solid;\"><h2>Modelhuset scanned the entire building and delivered a 3D RVT file<\/h2><div class=\"reading-box-description fusion-reading-box-additional\">Below, the finished 3D construction can be seen in 3D, which is drawn based on the point cloud. In addition, there is a small video of where we subsequently take a little check in VR mode of the point cloud inside the house. <\/div><div class=\"fusion-clearfix\"><\/div><\/div><\/div><\/div><\/div><div class=\"fusion-clearfix\"><\/div><\/div><\/div><\/div><\/div><div class=\"fusion-fullwidth fullwidth-box fusion-builder-row-5 nonhundred-percent-fullwidth non-hundred-percent-height-scrolling fusion-equal-height-columns\" style=\"background-color: #ffffff;background-position: center center;background-repeat: no-repeat;padding-top:0px;padding-right:0px;padding-bottom:0px;padding-left:0px;margin-bottom: 20px;margin-top: 40px;border-width: 0px 0px 0px 0px;border-color:#eae9e9;border-style:solid;\" ><div class=\"fusion-builder-row fusion-row\"><div class=\"fusion-layout-column fusion_builder_column fusion-builder-column-6 fusion_builder_column_1_2 1_2 fusion-one-half fusion-column-first\" style=\"width:50%;width:calc(50% - ( ( 4% ) * 0.5 ) );margin-right: 4%;margin-top:0px;margin-bottom:20px;\"><div class=\"fusion-column-wrapper fusion-flex-column-wrapper-legacy\" style=\"background-position:left top;background-repeat:no-repeat;-webkit-background-size:cover;-moz-background-size:cover;-o-background-size:cover;background-size:cover;border-width: 1px 1px 1px 1px;border-color:#7aaec6;border-style:solid;padding: 15px 15px 15px 15px;\"><style type=\"text\/css\"><\/style><div class=\"fusion-title title fusion-title-2 fusion-sep-none fusion-title-center fusion-title-text fusion-title-size-four\" style=\"margin-top:0px;margin-right:0px;margin-bottom:31px;margin-left:0px;\"><h4 class=\"title-heading-center fusion-responsive-typography-calculated\" style=\"margin:0;color:#005267;--fontSize:30;line-height:1.5;\">3D Construction<\/h4><\/div><iframe src=\"https:\/\/myhub.autodesk360.com\/ue2acbfed\/shares\/public\/SHabee1QT1a327cf2b7a1adff597a692b798?mode=embed\" width=\"100%\" height=\"300\" frameborder=\"0\" allowfullscreen=\"allowfullscreen\"><\/iframe><div class=\"fusion-clearfix\"><\/div><\/div><\/div><div class=\"fusion-layout-column fusion_builder_column fusion-builder-column-7 fusion_builder_column_1_2 1_2 fusion-one-half fusion-column-last\" style=\"width:50%;width:calc(50% - ( ( 4% ) * 0.5 ) );margin-top:0px;margin-bottom:20px;\"><div class=\"fusion-column-wrapper fusion-flex-column-wrapper-legacy\" style=\"background-position:left top;background-repeat:no-repeat;-webkit-background-size:cover;-moz-background-size:cover;-o-background-size:cover;background-size:cover;border-width: 1px 1px 1px 1px;border-color:#7aaec6;border-style:solid;padding: 15px 15px 15px 15px;\"><style type=\"text\/css\"><\/style><div class=\"fusion-title title fusion-title-3 fusion-sep-none fusion-title-center fusion-title-text fusion-title-size-four\" style=\"margin-top:0px;margin-right:0px;margin-bottom:31px;margin-left:0px;\"><h4 class=\"title-heading-center fusion-responsive-typography-calculated\" style=\"margin:0;color:#005267;--fontSize:30;line-height:1.5;\">Check measurements in VR mode<\/h4><\/div><div class=\"fusion-video fusion-youtube fusion-aligncenter\" style=\"max-width:600px;max-height:360px; width:100%\"><div class=\"video-shortcode\"><iframe title=\"YouTube video player 1\" src=\"https:\/\/www.youtube.com\/embed\/NzZINc-ve68?wmode=transparent&autoplay=0\" width=\"600\" height=\"360\" allowfullscreen allow=\"autoplay; fullscreen\"><\/iframe><\/div><\/div><div class=\"fusion-clearfix\"><\/div><\/div><\/div><\/div><\/div><div class=\"fusion-fullwidth fullwidth-box fusion-builder-row-6 nonhundred-percent-fullwidth non-hundred-percent-height-scrolling\" style=\"background-color: #ffffff;background-position: center center;background-repeat: no-repeat;padding-top:0px;padding-right:0px;padding-bottom:0px;padding-left:0px;margin-bottom: 20px;margin-top: 20px;border-width: 0px 0px 0px 0px;border-color:#eae9e9;border-style:solid;\" ><div class=\"fusion-builder-row fusion-row\"><div class=\"fusion-layout-column fusion_builder_column fusion-builder-column-8 fusion_builder_column_1_1 1_1 fusion-one-full fusion-column-first fusion-column-last\" style=\"margin-top:0px;margin-bottom:20px;\"><div class=\"fusion-column-wrapper fusion-flex-column-wrapper-legacy\" style=\"background-position:left top;background-repeat:no-repeat;-webkit-background-size:cover;-moz-background-size:cover;-o-background-size:cover;background-size:cover;padding: 0px 0px 0px 0px;\"><div class=\"fusion-column-content-centered\"><div class=\"fusion-column-content\"><div class=\"fusion-text fusion-text-3\"><h4 style=\"text-align: center;\">122 3D laser scans of the building inside and out were made to have the entire building drawn up in Revit. For this project, we delivered a finished 3D file to the architect approx. 10 working days after we started the project.<\/h4>\n<\/div><\/div><\/div><div class=\"fusion-clearfix\"><\/div><\/div><\/div><\/div><\/div><div class=\"fusion-fullwidth fullwidth-box fusion-builder-row-7 nonhundred-percent-fullwidth non-hundred-percent-height-scrolling fusion-equal-height-columns\" style=\"background-color: #ffffff;background-position: center center;background-repeat: no-repeat;padding-top:0px;padding-right:0px;padding-bottom:0px;padding-left:0px;margin-bottom: 20px;margin-top: 20px;border-width: 0px 0px 0px 0px;border-color:#eae9e9;border-style:solid;\" ><div class=\"fusion-builder-row fusion-row\"><div class=\"fusion-layout-column fusion_builder_column fusion-builder-column-9 fusion_builder_column_1_1 1_1 fusion-one-full fusion-column-first fusion-column-last\" style=\"margin-top:0px;margin-bottom:20px;\"><div class=\"fusion-column-wrapper fusion-flex-column-wrapper-legacy\" style=\"background-position:left top;background-repeat:no-repeat;-webkit-background-size:cover;-moz-background-size:cover;-o-background-size:cover;background-size:cover;border-width: 1px 1px 1px 1px;border-color:#7aaec6;border-style:solid;padding: 15px 15px 15px 15px;\"><div class=\"fusion-slider-sc fusion-flexslider-loading flexslider flexslider-hover-type-zoomin\" data-slideshow_autoplay=\"1\" data-slideshow_smooth_height=\"1\" data-slideshow_speed=\"7000\" style=\"max-width:100%;height:100%;\"><ul class=\"slides\"><li class=\"image\"><span class=\"fusion-image-hover-element hover-type-zoomin\"><img src=\"https:\/\/www.modelhuset.dk\/wp-content\/uploads\/2019\/09\/3D-laserscanning-modelhuset-BIM-1.png\" alt=\"3D-laserscanning-modelhuset-BIM 1\" width=\"600\" height=\"338\" class=\"wp-image-940\" srcset=\"https:\/\/www.modelhuset.dk\/wp-content\/uploads\/2019\/09\/3D-laserscanning-modelhuset-BIM-1-200x113.png 200w, https:\/\/www.modelhuset.dk\/wp-content\/uploads\/2019\/09\/3D-laserscanning-modelhuset-BIM-1-400x225.png 400w, https:\/\/www.modelhuset.dk\/wp-content\/uploads\/2019\/09\/3D-laserscanning-modelhuset-BIM-1.png 600w\" sizes=\"(max-width: 800px) 100vw, 600px\" \/><\/span><\/li><li class=\"image\"><span class=\"fusion-image-hover-element hover-type-zoomin\"><img src=\"https:\/\/www.modelhuset.dk\/wp-content\/uploads\/2019\/09\/3D-laserscanning-modelhuset-BIM-2.png\" alt=\"3D-laserscanning-modelhuset-BIM 2\" width=\"600\" height=\"338\" class=\"wp-image-941\" srcset=\"https:\/\/www.modelhuset.dk\/wp-content\/uploads\/2019\/09\/3D-laserscanning-modelhuset-BIM-2-200x113.png 200w, https:\/\/www.modelhuset.dk\/wp-content\/uploads\/2019\/09\/3D-laserscanning-modelhuset-BIM-2-400x225.png 400w, https:\/\/www.modelhuset.dk\/wp-content\/uploads\/2019\/09\/3D-laserscanning-modelhuset-BIM-2.png 600w\" sizes=\"(max-width: 800px) 100vw, 600px\" \/><\/span><\/li><li class=\"image\"><span class=\"fusion-image-hover-element hover-type-zoomin\"><img src=\"https:\/\/www.modelhuset.dk\/wp-content\/uploads\/2019\/09\/3D-laserscanning-modelhuset-BIM-3.png\" alt=\"3D-laserscanning-modelhuset-BIM 3\" width=\"600\" height=\"338\" class=\"wp-image-942\" srcset=\"https:\/\/www.modelhuset.dk\/wp-content\/uploads\/2019\/09\/3D-laserscanning-modelhuset-BIM-3-200x113.png 200w, https:\/\/www.modelhuset.dk\/wp-content\/uploads\/2019\/09\/3D-laserscanning-modelhuset-BIM-3-400x225.png 400w, https:\/\/www.modelhuset.dk\/wp-content\/uploads\/2019\/09\/3D-laserscanning-modelhuset-BIM-3.png 600w\" sizes=\"(max-width: 800px) 100vw, 600px\" \/><\/span><\/li><li class=\"image\"><span class=\"fusion-image-hover-element hover-type-zoomin\"><img src=\"https:\/\/www.modelhuset.dk\/wp-content\/uploads\/2019\/09\/3D-laserscanning-modelhuset-BIM-4.png\" alt=\"3D-laserscanning-modelhuset-BIM 4\" width=\"600\" height=\"338\" class=\"wp-image-943\" srcset=\"https:\/\/www.modelhuset.dk\/wp-content\/uploads\/2019\/09\/3D-laserscanning-modelhuset-BIM-4-200x113.png 200w, https:\/\/www.modelhuset.dk\/wp-content\/uploads\/2019\/09\/3D-laserscanning-modelhuset-BIM-4-400x225.png 400w, https:\/\/www.modelhuset.dk\/wp-content\/uploads\/2019\/09\/3D-laserscanning-modelhuset-BIM-4.png 600w\" sizes=\"(max-width: 800px) 100vw, 600px\" \/><\/span><\/li><li class=\"image\"><span class=\"fusion-image-hover-element hover-type-zoomin\"><img src=\"https:\/\/www.modelhuset.dk\/wp-content\/uploads\/2019\/09\/3D-laserscanning-modelhuset-BIM-5.png\" alt=\"3D-laserscanning-modelhuset-BIM 5\" width=\"600\" height=\"338\" class=\"wp-image-944\" srcset=\"https:\/\/www.modelhuset.dk\/wp-content\/uploads\/2019\/09\/3D-laserscanning-modelhuset-BIM-5-200x113.png 200w, https:\/\/www.modelhuset.dk\/wp-content\/uploads\/2019\/09\/3D-laserscanning-modelhuset-BIM-5-400x225.png 400w, https:\/\/www.modelhuset.dk\/wp-content\/uploads\/2019\/09\/3D-laserscanning-modelhuset-BIM-5.png 600w\" sizes=\"(max-width: 800px) 100vw, 600px\" \/><\/span><\/li><\/ul><\/div><div class=\"fusion-clearfix\"><\/div><\/div><\/div><\/div><\/div><div class=\"fusion-fullwidth fullwidth-box fusion-builder-row-8 hundred-percent-fullwidth non-hundred-percent-height-scrolling\" style=\"background-color: #ffffff;background-position: center center;background-repeat: no-repeat;padding-top:0px;padding-right:0px;padding-bottom:0px;padding-left:0px;border-width: 0px 0px 0px 0px;border-color:#eae9e9;border-style:solid;\" ><div class=\"fusion-builder-row fusion-row\"><div class=\"fusion-layout-column fusion_builder_column fusion-builder-column-10 fusion_builder_column_1_1 1_1 fusion-one-full fusion-column-first fusion-column-last\" style=\"margin-top:0px;margin-bottom:0px;\"><div class=\"fusion-column-wrapper fusion-flex-column-wrapper-legacy\" style=\"background-position:left top;background-repeat:no-repeat;-webkit-background-size:cover;-moz-background-size:cover;-o-background-size:cover;background-size:cover;padding: 0px 0px 0px 0px;\"><div class=\"imageframe-align-center\"><span class=\"fusion-imageframe imageframe-none imageframe-2 hover-type-none\" style=\"max-width:400px;\"><img width=\"1024\" height=\"324\" alt=\"Modelhuset\" title=\"Modelhuset\" src=\"https:\/\/www.modelhuset.dk\/wp-content\/uploads\/2019\/09\/logo_footer-1024x324.png\" class=\"img-responsive wp-image-272\" srcset=\"https:\/\/www.modelhuset.dk\/wp-content\/uploads\/2019\/09\/logo_footer-200x63.png 200w, https:\/\/www.modelhuset.dk\/wp-content\/uploads\/2019\/09\/logo_footer-400x127.png 400w, https:\/\/www.modelhuset.dk\/wp-content\/uploads\/2019\/09\/logo_footer-600x190.png 600w, https:\/\/www.modelhuset.dk\/wp-content\/uploads\/2019\/09\/logo_footer-800x253.png 800w, https:\/\/www.modelhuset.dk\/wp-content\/uploads\/2019\/09\/logo_footer-1200x380.png 1200w, https:\/\/www.modelhuset.dk\/wp-content\/uploads\/2019\/09\/logo_footer.png 1524w\" sizes=\"(max-width: 800px) 100vw, 1200px\" \/><\/span><\/div><div class=\"fusion-clearfix\"><\/div><\/div><\/div><\/div><\/div><\/p>","protected":false},"excerpt":{"rendered":"","protected":false},"author":2,"featured_media":0,"parent":956,"menu_order":0,"comment_status":"closed","ping_status":"closed","template":"100-width.php","meta":{"ngg_post_thumbnail":0},"_links":{"self":[{"href":"https:\/\/www.modelhuset.dk\/en\/wp-json\/wp\/v2\/pages\/936"}],"collection":[{"href":"https:\/\/www.modelhuset.dk\/en\/wp-json\/wp\/v2\/pages"}],"about":[{"href":"https:\/\/www.modelhuset.dk\/en\/wp-json\/wp\/v2\/types\/page"}],"author":[{"embeddable":true,"href":"https:\/\/www.modelhuset.dk\/en\/wp-json\/wp\/v2\/users\/2"}],"replies":[{"embeddable":true,"href":"https:\/\/www.modelhuset.dk\/en\/wp-json\/wp\/v2\/comments?post=936"}],"version-history":[{"count":18,"href":"https:\/\/www.modelhuset.dk\/en\/wp-json\/wp\/v2\/pages\/936\/revisions"}],"predecessor-version":[{"id":2643,"href":"https:\/\/www.modelhuset.dk\/en\/wp-json\/wp\/v2\/pages\/936\/revisions\/2643"}],"up":[{"embeddable":true,"href":"https:\/\/www.modelhuset.dk\/en\/wp-json\/wp\/v2\/pages\/956"}],"wp:attachment":[{"href":"https:\/\/www.modelhuset.dk\/en\/wp-json\/wp\/v2\/media?parent=936"}],"curies":[{"name":"wp","href":"https:\/\/api.w.org\/{rel}","templated":true}]}}